{"id":1157,"date":"2024-01-10T22:23:51","date_gmt":"2024-01-10T21:23:51","guid":{"rendered":"https:\/\/adventtrail.ch\/concepto\/"},"modified":"2024-06-30T11:23:54","modified_gmt":"2024-06-30T10:23:54","slug":"concepto","status":"publish","type":"page","link":"https:\/\/adventtrail.ch\/es\/concepto\/","title":{"rendered":"Concepto"},"content":{"rendered":"\n<p><em>AdventTrail<\/em>\u00bb es una contracci\u00f3n de<em>\u00abAdventist Trail\u00bb<\/em>.<br\/>Es un itinerario y una aventura sobre los inicios del adventismo en Europa.<\/p>\n\n<div class=\"wp-block-media-text is-stacked-on-mobile\"><figure class=\"wp-block-media-text__media\"><img decoding=\"async\" src=\"https:\/\/adventrail.wordpress.com\/wp-content\/uploads\/2023\/03\/img_0092-avec-arriere-plan-supprime.png?w=1024\" alt=\"\" class=\"wp-image-17 size-full\"\/><\/figure><div class=\"wp-block-media-text__content\">\n<p>Descubre la historia de la Iglesia Adventista del S\u00e9ptimo D\u00eda en su primera etapa de globalizaci\u00f3n. Ocurri\u00f3 entre los Alpes y el Jura.<\/p>\n\n\n\n<p>Con 5 etapas clave y otras tantas secundarias, viaja desde las orillas del lago Leman hasta las riberas del Rin, desde Collonges-sous-Sal\u00e8ve y Ginebra hasta Basilea (o viceversa).<\/p>\n<\/div><\/div>\n\n<p>Este sitio te proporciona informaci\u00f3n hist\u00f3rica, as\u00ed como consejos pr\u00e1cticos sobre c\u00f3mo salir al campo y ver los distintos yacimientos por ti mismo.  <br\/>Y tambi\u00e9n ver por ti mismo el impacto de estos comienzos visitando una Iglesia un s\u00e1bado por la ma\u00f1ana.<\/p>\n\n<p>En la secci\u00f3n de documentos, puedes descargar e imprimir peri\u00f3dicos que resumen la historia de varios lugares. <em>Le T\u00e9moin<\/em> est\u00e1 pensado para adultos, Les <em>Jeunes Aventuriers<\/em> para ni\u00f1os.<\/p>\n\n<p>Se est\u00e1n estudiando varios proyectos para mejorar tu experiencia: visitas guiadas, geocaching, viajes organizados, etc. Pero lo primero es lo primero.<\/p>\n\n<p>En cualquier caso, te deseamos una gran experiencia, mucha diversi\u00f3n y una bendici\u00f3n en la<em>aventura<\/em>.<\/p>\n\n<div class=\"wp-block-buttons is-content-justification-center is-layout-flex wp-container-core-buttons-is-layout-a89b3969 wp-block-buttons-is-layout-flex\">\n<div class=\"wp-block-button\"><a class=\"wp-block-button__link wp-element-button\" href=\"https:\/\/adventtrail.ch\/es\/la-aventura-adventista\/\">\u00a1Nos vamos!<\/a><\/div>\n<\/div>\n\n<hr class=\"wp-block-separator has-alpha-channel-opacity\"\/>\n\n<p>Este sitio est\u00e1 dirigido y mantenido por colaboradores apasionados,  <br\/>sino tambi\u00e9n por cualquiera que tenga algo que aportar.<br\/>Cuenta con el apoyo de la Federaci\u00f3n de Iglesias Adventistas del S\u00e9ptimo D\u00eda  <br\/>de la Suisse romande et du Tessin (FSRT).<br\/><\/p>\n","protected":false},"excerpt":{"rendered":"<p>AdventTrail\u00bb es una contracci\u00f3n de\u00abAdventist Trail\u00bb.Es un itinerario y una aventura sobre los inicios del adventismo en Europa. Descubre la historia de la Iglesia Adventista del S\u00e9ptimo D\u00eda en su primera etapa de globalizaci\u00f3n. Ocurri\u00f3 entre los Alpes y el Jura. Con 5 etapas clave y otras tantas secundarias, viaja desde las orillas del lago [&hellip;]<\/p>\n","protected":false},"author":2,"featured_media":0,"parent":0,"menu_order":0,"comment_status":"closed","ping_status":"closed","template":"","meta":{"footnotes":""},"class_list":["post-1157","page","type-page","status-publish","hentry"],"publishpress_future_action":{"enabled":false,"date":"2026-05-01 20:12:22","action":"change-status","newStatus":"draft","terms":[],"taxonomy":"translation_priority"},"publishpress_future_workflow_manual_trigger":{"enabledWorkflows":[]},"_links":{"self":[{"href":"https:\/\/adventtrail.ch\/es\/wp-json\/wp\/v2\/pages\/1157","targetHints":{"allow":["GET"]}}],"collection":[{"href":"https:\/\/adventtrail.ch\/es\/wp-json\/wp\/v2\/pages"}],"about":[{"href":"https:\/\/adventtrail.ch\/es\/wp-json\/wp\/v2\/types\/page"}],"author":[{"embeddable":true,"href":"https:\/\/adventtrail.ch\/es\/wp-json\/wp\/v2\/users\/2"}],"replies":[{"embeddable":true,"href":"https:\/\/adventtrail.ch\/es\/wp-json\/wp\/v2\/comments?post=1157"}],"version-history":[{"count":1,"href":"https:\/\/adventtrail.ch\/es\/wp-json\/wp\/v2\/pages\/1157\/revisions"}],"predecessor-version":[{"id":1159,"href":"https:\/\/adventtrail.ch\/es\/wp-json\/wp\/v2\/pages\/1157\/revisions\/1159"}],"wp:attachment":[{"href":"https:\/\/adventtrail.ch\/es\/wp-json\/wp\/v2\/media?parent=1157"}],"curies":[{"name":"wp","href":"https:\/\/api.w.org\/{rel}","templated":true}]}}