{"id":1351,"date":"2024-01-10T21:59:53","date_gmt":"2024-01-10T20:59:53","guid":{"rendered":"https:\/\/adventtrail.ch\/documentos-de-viagem\/"},"modified":"2024-07-02T15:23:35","modified_gmt":"2024-07-02T14:23:35","slug":"documentos-de-viagem","status":"publish","type":"page","link":"https:\/\/adventtrail.ch\/pt-br\/documentos-de-viagem\/","title":{"rendered":"Documentos de viagem"},"content":{"rendered":"\n<p>Abaixo est\u00e3o os documentos de que voc\u00ea precisar\u00e1 para concluir sua jornada seguindo os passos dos pioneiros.<\/p>\n\n<div class=\"wp-block-jetpack-layout-grid column1-desktop-grid__span-3 column1-desktop-grid__row-1 column2-desktop-grid__span-3 column2-desktop-grid__start-4 column2-desktop-grid__row-1 column3-desktop-grid__span-3 column3-desktop-grid__start-7 column3-desktop-grid__row-1 column4-desktop-grid__span-3 column4-desktop-grid__start-10 column4-desktop-grid__row-1 column1-tablet-grid__span-4 column1-tablet-grid__row-1 column2-tablet-grid__span-4 column2-tablet-grid__start-5 column2-tablet-grid__row-1 column3-tablet-grid__span-4 column3-tablet-grid__row-2 column4-tablet-grid__span-4 column4-tablet-grid__start-5 column4-tablet-grid__row-2 column1-mobile-grid__span-4 column1-mobile-grid__row-1 column2-mobile-grid__span-4 column2-mobile-grid__row-2 column3-mobile-grid__span-4 column3-mobile-grid__row-3 column4-mobile-grid__span-4 column4-mobile-grid__row-4\">\n<div class=\"wp-block-jetpack-layout-grid-column wp-block-jetpack-layout-grid__padding-none\">\n<h4 class=\"wp-block-heading\">Viagens<\/h4>\n\n\n\n<p>Documentos em prepara\u00e7\u00e3o.<\/p>\n<\/div>\n\n\n\n<div class=\"wp-block-jetpack-layout-grid-column wp-block-jetpack-layout-grid__padding-none\">\n<h4 class=\"wp-block-heading\">Adultos (Fr)<\/h4>\n\n\n\n<figure class=\"wp-block-image size-large\"><img decoding=\"async\" src=\"https:\/\/adventrail.wordpress.com\/wp-content\/uploads\/2024\/01\/capture-decran-2024-01-10-a-21.47.13.png?w=1024\" alt=\"\" class=\"wp-image-353\"\/><\/figure>\n\n\n\n<p class=\"has-small-font-size\">Basil\u00e9ia:<\/p>\n\n\n\n<div class=\"wp-block-file\"><a id=\"wp-block-file--media-e727fafa-739c-432a-8edb-865d13e5443f\" href=\"https:\/\/adventtrail.ch\/wp-content\/uploads\/2024\/07\/Journal-Le-Temoin-Andrews.pdf\">Journal Le Te\u0301moin Andrews<\/a><\/div>\n\n\n\n<p class=\"has-small-font-size\">Tramelan :<\/p>\n\n\n\n<div class=\"wp-block-file\"><a id=\"wp-block-file--media-3199d0ff-7998-4606-8a56-6b4f3cbc2979\" href=\"https:\/\/adventtrail.ch\/wp-content\/uploads\/2024\/07\/Journal-Le-Temoin-Roth.pdf\">Journal Le Te\u0301moin Roth<\/a><\/div>\n\n\n\n<p class=\"has-small-font-size\">Grandson &#8211; Yverdon :<\/p>\n\n\n\n<div class=\"wp-block-file\"><a id=\"wp-block-file--media-916b6f23-08a5-4343-910e-be5c01ee6780\" href=\"https:\/\/adventtrail.ch\/wp-content\/uploads\/2024\/07\/Journal-Le-Temoin-Czechowski.pdf\">Journal Le Te\u0301moin Czechowski<\/a><\/div>\n\n\n\n<p class=\"has-small-font-size\">La Ligni\u00e8re &#8211; Gland :<\/p>\n\n\n\n<div class=\"wp-block-file\"><a id=\"wp-block-file--media-65b1143f-8d77-40b7-a36c-203e637a7ff9\" href=\"https:\/\/adventtrail.ch\/wp-content\/uploads\/2024\/07\/Journal-Le-temoin-DeForest.pdf\">Journal Le te\u0301moin DeForest<\/a><\/div>\n\n\n\n<p class=\"has-small-font-size\">Collonges-sous-Sal\u00e8ve :<\/p>\n\n\n\n<div class=\"wp-block-file\"><a id=\"wp-block-file--media-ebae2208-1632-4c8c-bc3f-8d9ebaaee4ab\" href=\"https:\/\/adventtrail.ch\/wp-content\/uploads\/2024\/07\/Journal-Le-temoin-Collonges.pdf\">Jornal Le t\u00e9moin Collonges<\/a><\/div>\n\n\n\n<p class=\"has-small-font-size\">Ticino :<\/p>\n\n\n\n<div class=\"wp-block-file\"><a id=\"wp-block-file--media-5dfa5bc9-a9f9-4091-bb78-8e36d2c01007\" href=\"https:\/\/adventtrail.ch\/wp-content\/uploads\/2024\/07\/Journal-Le-Temoin-Vaucher.pdf\">Jornal Le T\u00e9moin Vaucher<\/a><\/div>\n<\/div>\n\n\n\n<div class=\"wp-block-jetpack-layout-grid-column wp-block-jetpack-layout-grid__padding-none\">\n<h4 class=\"wp-block-heading\">Crian\u00e7as (Fr)<\/h4>\n\n\n\n<figure class=\"wp-block-image size-large\"><img decoding=\"async\" src=\"https:\/\/adventrail.wordpress.com\/wp-content\/uploads\/2024\/01\/capture-decran-2024-01-10-a-21.47.37.png?w=1024\" alt=\"\" class=\"wp-image-354\"\/><\/figure>\n\n\n\n<p class=\"has-small-font-size\">Basil\u00e9ia:<\/p>\n\n\n\n<div class=\"wp-block-file\"><a id=\"wp-block-file--media-1a45e3d4-0379-4a32-8f49-d72dcafb0ffb\" href=\"https:\/\/adventtrail.ch\/wp-content\/uploads\/2024\/07\/Jeunes-Aventuriers-Andrews.pdf\">Jeunes Aventuriers Andrews<\/a><\/div>\n\n\n\n<p class=\"has-small-font-size\">Tramelan :<\/p>\n\n\n\n<div class=\"wp-block-file\"><a id=\"wp-block-file--media-082d0749-40f7-45ad-a873-99c93ed1c4b3\" href=\"https:\/\/adventtrail.ch\/wp-content\/uploads\/2024\/07\/Jeunes-Aventuriers-Roth.pdf\">Jeunes Aventuriers Roth<\/a><\/div>\n\n\n\n<p class=\"has-small-font-size\">Grandson &#8211; Yverdon :<\/p>\n\n\n\n<div class=\"wp-block-file\"><a id=\"wp-block-file--media-b10f05c2-79c8-4db0-aebd-49319848371d\" href=\"https:\/\/adventtrail.ch\/wp-content\/uploads\/2024\/07\/Jeunes-Aventuriers-Czechowski.pdf\">Jeunes Aventuriers Czechowski<\/a><\/div>\n\n\n\n<p class=\"has-small-font-size\">La Ligni\u00e8re &#8211; Gland :<\/p>\n\n\n\n<div class=\"wp-block-file\"><a id=\"wp-block-file--media-975d1ff5-f18b-4063-835c-861390797a92\" href=\"https:\/\/adventtrail.ch\/wp-content\/uploads\/2024\/07\/Jeunes-Aventuriers-De-Forest.pdf\">Jeunes Aventuriers De Forest<\/a><\/div>\n\n\n\n<p class=\"has-small-font-size\">Collonges-sous-Sal\u00e8ve :<\/p>\n\n\n\n<div class=\"wp-block-file\"><a id=\"wp-block-file--media-63ef1967-321d-4dea-a85e-37067b57175b\" href=\"https:\/\/adventtrail.ch\/wp-content\/uploads\/2024\/07\/Jeunes-Aventuriers-Vaucher.pdf\">Jeunes Aventuriers Vaucher<\/a><\/div>\n<\/div>\n\n\n\n<div class=\"wp-block-jetpack-layout-grid-column wp-block-jetpack-layout-grid__padding-none\">\n<h4 class=\"wp-block-heading\">Italiano<\/h4>\n\n\n\n<figure class=\"wp-block-image size-large\"><img loading=\"lazy\" decoding=\"async\" width=\"707\" height=\"1024\" src=\"https:\/\/adventtrail.ch\/wp-content\/uploads\/2024\/01\/img_0227-707x1024.jpg\" alt=\"\" class=\"wp-image-499\" style=\"aspect-ratio:1;object-fit:cover\" srcset=\"https:\/\/adventtrail.ch\/wp-content\/uploads\/2024\/01\/img_0227-707x1024.jpg 707w, https:\/\/adventtrail.ch\/wp-content\/uploads\/2024\/01\/img_0227-207x300.jpg 207w, https:\/\/adventtrail.ch\/wp-content\/uploads\/2024\/01\/img_0227-768x1113.jpg 768w, https:\/\/adventtrail.ch\/wp-content\/uploads\/2024\/01\/img_0227-1060x1536.jpg 1060w, https:\/\/adventtrail.ch\/wp-content\/uploads\/2024\/01\/img_0227.jpg 1308w\" sizes=\"auto, (max-width: 707px) 100vw, 707px\" \/><\/figure>\n\n\n\n<div class=\"wp-block-file\"><a id=\"wp-block-file--media-225fbe69-d55b-4feb-965f-8014334df438\" href=\"https:\/\/adventtrail.ch\/wp-content\/uploads\/2024\/07\/Giornale-Basilea.pdf\">Giornale Basilea<\/a><\/div>\n\n\n\n<div class=\"wp-block-file\"><a id=\"wp-block-file--media-f40ef188-e1c8-4143-8a93-697781b2f8ff\" href=\"https:\/\/adventtrail.ch\/wp-content\/uploads\/2024\/07\/Giornale-Tramelan.pdf\">Giornale Tramelan<\/a><\/div>\n\n\n\n<div class=\"wp-block-file\"><a id=\"wp-block-file--media-7b808988-a31f-4561-8ed1-6fd6f1d00c5f\" href=\"https:\/\/adventtrail.ch\/wp-content\/uploads\/2024\/07\/Giornale-Yverdon-Grandson.pdf\">Giornale Yverdon Grandson<\/a><\/div>\n\n\n\n<div class=\"wp-block-file\"><a id=\"wp-block-file--media-0817e2aa-d8fa-44be-9bd9-595f6129fc6b\" href=\"https:\/\/adventtrail.ch\/wp-content\/uploads\/2024\/07\/Giornale-La-Ligniere.pdf\">Giornale La Lignie\u0300re<\/a><\/div>\n\n\n\n<div class=\"wp-block-file\"><a id=\"wp-block-file--media-5975e7c0-85a2-4359-ae28-3ac94c5afdf9\" href=\"https:\/\/adventtrail.ch\/wp-content\/uploads\/2024\/07\/Giornale-Collonges.pdf\">Giornale Collonges<\/a><\/div>\n\n\n\n<div class=\"wp-block-file\"><a id=\"wp-block-file--media-c9f4bdc0-0ca6-4de6-9167-d37d5efbc9a1\" href=\"https:\/\/adventtrail.ch\/wp-content\/uploads\/2024\/07\/Giornale-Ticino.pdf\">Giornale Ticino<\/a><\/div>\n<\/div>\n<\/div>\n","protected":false},"excerpt":{"rendered":"<p>Abaixo est\u00e3o os documentos de que voc\u00ea precisar\u00e1 para concluir sua jornada seguindo os passos dos pioneiros. Viagens Documentos em prepara\u00e7\u00e3o. Adultos (Fr) Basil\u00e9ia: Tramelan : Grandson &#8211; Yverdon : La Ligni\u00e8re &#8211; Gland : Collonges-sous-Sal\u00e8ve : Ticino : Crian\u00e7as (Fr) Basil\u00e9ia: Tramelan : Grandson &#8211; Yverdon : La Ligni\u00e8re &#8211; Gland : Collonges-sous-Sal\u00e8ve : [&hellip;]<\/p>\n","protected":false},"author":2,"featured_media":0,"parent":0,"menu_order":0,"comment_status":"closed","ping_status":"closed","template":"","meta":{"footnotes":""},"class_list":["post-1351","page","type-page","status-publish","hentry"],"publishpress_future_action":{"enabled":false,"date":"2026-04-21 13:42:30","action":"change-status","newStatus":"draft","terms":[],"taxonomy":"translation_priority"},"publishpress_future_workflow_manual_trigger":{"enabledWorkflows":[]},"_links":{"self":[{"href":"https:\/\/adventtrail.ch\/pt-br\/wp-json\/wp\/v2\/pages\/1351","targetHints":{"allow":["GET"]}}],"collection":[{"href":"https:\/\/adventtrail.ch\/pt-br\/wp-json\/wp\/v2\/pages"}],"about":[{"href":"https:\/\/adventtrail.ch\/pt-br\/wp-json\/wp\/v2\/types\/page"}],"author":[{"embeddable":true,"href":"https:\/\/adventtrail.ch\/pt-br\/wp-json\/wp\/v2\/users\/2"}],"replies":[{"embeddable":true,"href":"https:\/\/adventtrail.ch\/pt-br\/wp-json\/wp\/v2\/comments?post=1351"}],"version-history":[{"count":2,"href":"https:\/\/adventtrail.ch\/pt-br\/wp-json\/wp\/v2\/pages\/1351\/revisions"}],"predecessor-version":[{"id":1543,"href":"https:\/\/adventtrail.ch\/pt-br\/wp-json\/wp\/v2\/pages\/1351\/revisions\/1543"}],"wp:attachment":[{"href":"https:\/\/adventtrail.ch\/pt-br\/wp-json\/wp\/v2\/media?parent=1351"}],"curies":[{"name":"wp","href":"https:\/\/api.w.org\/{rel}","templated":true}]}}