{"id":1158,"date":"2024-01-10T22:23:51","date_gmt":"2024-01-10T21:23:51","guid":{"rendered":"https:\/\/adventtrail.ch\/conceito\/"},"modified":"2024-06-30T11:23:54","modified_gmt":"2024-06-30T10:23:54","slug":"conceito","status":"publish","type":"page","link":"https:\/\/adventtrail.ch\/pt-pt\/conceito\/","title":{"rendered":"Conceito"},"content":{"rendered":"\n<p><em>AdventTrail<\/em>&#8221; \u00e9 uma contra\u00e7\u00e3o de<em>&#8220;Adventist Trail&#8221;<\/em>.<br\/>\u00c9 um itiner\u00e1rio e uma aventura sobre os prim\u00f3rdios do adventismo na Europa.<\/p>\n\n<div class=\"wp-block-media-text is-stacked-on-mobile\"><figure class=\"wp-block-media-text__media\"><img decoding=\"async\" src=\"https:\/\/adventrail.wordpress.com\/wp-content\/uploads\/2023\/03\/img_0092-avec-arriere-plan-supprime.png?w=1024\" alt=\"\" class=\"wp-image-17 size-full\"\/><\/figure><div class=\"wp-block-media-text__content\">\n<p>Descobre a hist\u00f3ria da Igreja Adventista do 7\u00ba Dia na sua primeira fase de globaliza\u00e7\u00e3o. Aconteceu entre os Alpes e o Jura.<\/p>\n\n\n\n<p>Com 5 etapas principais e v\u00e1rias outras etapas secund\u00e1rias, viaja desde as margens do lago L\u00e9man at\u00e9 \u00e0s margens do Reno, desde Collonges-sous-Sal\u00e8ve e Genebra at\u00e9 Basileia (ou vice-versa).<\/p>\n<\/div><\/div>\n\n<p>Este s\u00edtio fornece-te informa\u00e7\u00f5es hist\u00f3ricas, bem como dicas pr\u00e1ticas sobre como ir para o terreno e ver os diferentes s\u00edtios por ti pr\u00f3prio.  <br\/>E tamb\u00e9m para veres por ti pr\u00f3prio o impacto destes in\u00edcios, visitando uma igreja numa manh\u00e3 de s\u00e1bado.<\/p>\n\n<p>Na sec\u00e7\u00e3o de documentos, podes descarregar e imprimir jornais que resumem a hist\u00f3ria de v\u00e1rios locais. <em>Le T\u00e9moin<\/em> \u00e9 destinado aos adultos e Les <em>Jeunes Aventuriers<\/em> \u00e0s crian\u00e7as.<\/p>\n\n<p>Est\u00e3o a ser estudados v\u00e1rios projectos para melhorar a tua experi\u00eancia: visitas guiadas, geocaching, viagens organizadas, etc. Mas, antes de mais nada, come\u00e7a por falar.<\/p>\n\n<p>Em todo o caso, desejamos-te uma grande experi\u00eancia, muita divers\u00e3o e uma b\u00ean\u00e7\u00e3o no<em>trilho da aventura<\/em>.<\/p>\n\n<div class=\"wp-block-buttons is-content-justification-center is-layout-flex wp-container-core-buttons-is-layout-a89b3969 wp-block-buttons-is-layout-flex\">\n<div class=\"wp-block-button\"><a class=\"wp-block-button__link wp-element-button\" href=\"https:\/\/adventtrail.ch\/pt-pt\/a-aventura-adventista\/\">Vamos embora!<\/a><\/div>\n<\/div>\n\n<hr class=\"wp-block-separator has-alpha-channel-opacity\"\/>\n\n<p>Este s\u00edtio \u00e9 gerido e mantido por colaboradores apaixonados,  <br\/>mas tamb\u00e9m por todos aqueles que t\u00eam algo para contribuir.<br\/>\u00c9 apoiado pela Federa\u00e7\u00e3o das Igrejas Adventistas do 7\u00ba Dia  <br\/>de la Suisse romande et du Tessin (FSRT).<br\/><\/p>\n","protected":false},"excerpt":{"rendered":"<p>AdventTrail&#8221; \u00e9 uma contra\u00e7\u00e3o de&#8220;Adventist Trail&#8221;.\u00c9 um itiner\u00e1rio e uma aventura sobre os prim\u00f3rdios do adventismo na Europa. Descobre a hist\u00f3ria da Igreja Adventista do 7\u00ba Dia na sua primeira fase de globaliza\u00e7\u00e3o. Aconteceu entre os Alpes e o Jura. Com 5 etapas principais e v\u00e1rias outras etapas secund\u00e1rias, viaja desde as margens do lago [&hellip;]<\/p>\n","protected":false},"author":2,"featured_media":0,"parent":0,"menu_order":0,"comment_status":"closed","ping_status":"closed","template":"","meta":{"footnotes":""},"class_list":["post-1158","page","type-page","status-publish","hentry"],"publishpress_future_action":{"enabled":false,"date":"2026-05-01 20:04:17","action":"change-status","newStatus":"draft","terms":[],"taxonomy":"translation_priority"},"publishpress_future_workflow_manual_trigger":{"enabledWorkflows":[]},"_links":{"self":[{"href":"https:\/\/adventtrail.ch\/pt-pt\/wp-json\/wp\/v2\/pages\/1158","targetHints":{"allow":["GET"]}}],"collection":[{"href":"https:\/\/adventtrail.ch\/pt-pt\/wp-json\/wp\/v2\/pages"}],"about":[{"href":"https:\/\/adventtrail.ch\/pt-pt\/wp-json\/wp\/v2\/types\/page"}],"author":[{"embeddable":true,"href":"https:\/\/adventtrail.ch\/pt-pt\/wp-json\/wp\/v2\/users\/2"}],"replies":[{"embeddable":true,"href":"https:\/\/adventtrail.ch\/pt-pt\/wp-json\/wp\/v2\/comments?post=1158"}],"version-history":[{"count":1,"href":"https:\/\/adventtrail.ch\/pt-pt\/wp-json\/wp\/v2\/pages\/1158\/revisions"}],"predecessor-version":[{"id":1160,"href":"https:\/\/adventtrail.ch\/pt-pt\/wp-json\/wp\/v2\/pages\/1158\/revisions\/1160"}],"wp:attachment":[{"href":"https:\/\/adventtrail.ch\/pt-pt\/wp-json\/wp\/v2\/media?parent=1158"}],"curies":[{"name":"wp","href":"https:\/\/api.w.org\/{rel}","templated":true}]}}